{"id":5926,"date":"2025-05-19T12:51:42","date_gmt":"2025-05-19T10:51:42","guid":{"rendered":"https:\/\/www.reformasvalencia.es\/?page_id=5926"},"modified":"2025-07-23T13:44:21","modified_gmt":"2025-07-23T11:44:21","slug":"marcas","status":"publish","type":"page","link":"https:\/\/www.reformasvalencia.es\/fr\/marcas\/","title":{"rendered":"Marcas"},"content":{"rendered":"\t\t<div data-elementor-type=\"wp-page\" data-elementor-id=\"5926\" class=\"elementor elementor-5926 elementor-5924\" data-elementor-post-type=\"page\">\n\t\t\t\t<div class=\"elementor-element elementor-element-07204d4 e-con-full e-flex e-con e-parent\" data-id=\"07204d4\" data-element_type=\"container\">\n\t\t<div class=\"elementor-element elementor-element-7e7733d e-con-full elementor-hidden-mobile e-flex e-con e-child\" data-id=\"7e7733d\" data-element_type=\"container\" data-settings=\"{&quot;background_background&quot;:&quot;classic&quot;}\">\n\t\t\t\t<\/div>\n\t\t<div class=\"elementor-element elementor-element-6a58682 elementor-hidden-desktop elementor-hidden-laptop elementor-hidden-tablet_extra elementor-hidden-tablet elementor-hidden-mobile_extra e-flex e-con-boxed e-con e-child\" data-id=\"6a58682\" data-element_type=\"container\">\n\t\t\t\t\t<div class=\"e-con-inner\">\n\t\t\t\t<div class=\"elementor-element elementor-element-3859425 elementor-widget elementor-widget-image\" data-id=\"3859425\" data-element_type=\"widget\" data-widget_type=\"image.default\">\n\t\t\t\t<div class=\"elementor-widget-container\">\n\t\t\t\t\t\t\t\t\t\t\t\t\t\t\t<img fetchpriority=\"high\" decoding=\"async\" width=\"429\" height=\"286\" src=\"https:\/\/www.reformasvalencia.es\/wp-content\/uploads\/2024\/11\/cicerone-reformas-valencia-construccion-marcas-00-resp.jpg\" class=\"attachment-full size-full wp-image-443\" alt=\"cicerone-reformas-valencia-construccion-marcas-00-resp\" srcset=\"https:\/\/www.reformasvalencia.es\/wp-content\/uploads\/2024\/11\/cicerone-reformas-valencia-construccion-marcas-00-resp.jpg 429w, https:\/\/www.reformasvalencia.es\/wp-content\/uploads\/2024\/11\/cicerone-reformas-valencia-construccion-marcas-00-resp-300x200.jpg 300w\" sizes=\"(max-width: 429px) 100vw, 429px\" \/>\t\t\t\t\t\t\t\t\t\t\t\t\t\t\t<\/div>\n\t\t\t\t<\/div>\n\t\t\t\t\t<\/div>\n\t\t\t\t<\/div>\n\t\t<div class=\"elementor-element elementor-element-112e0e8 e-flex e-con-boxed e-con e-child\" data-id=\"112e0e8\" data-element_type=\"container\" data-settings=\"{&quot;background_background&quot;:&quot;classic&quot;}\">\n\t\t\t\t\t<div class=\"e-con-inner\">\n\t\t\t\t<div class=\"elementor-element elementor-element-f2db5fb elementor-widget elementor-widget-image\" data-id=\"f2db5fb\" data-element_type=\"widget\" data-widget_type=\"image.default\">\n\t\t\t\t<div class=\"elementor-widget-container\">\n\t\t\t\t\t\t\t\t\t\t\t\t\t\t\t<img decoding=\"async\" width=\"81\" height=\"71\" src=\"https:\/\/www.reformasvalencia.es\/wp-content\/uploads\/2024\/10\/cicerone-reformas-valencia-construccion-marcas-ico-blanco.svg\" class=\"attachment-large size-large wp-image-70\" alt=\"cicerone-reformas-valencia-construccion-marcas-ico-blanco\" \/>\t\t\t\t\t\t\t\t\t\t\t\t\t\t\t<\/div>\n\t\t\t\t<\/div>\n\t\t\t\t<div class=\"elementor-element elementor-element-971cfce elementor-widget elementor-widget-heading\" data-id=\"971cfce\" data-element_type=\"widget\" data-widget_type=\"heading.default\">\n\t\t\t\t<div class=\"elementor-widget-container\">\n\t\t\t\t\t<h1 class=\"elementor-heading-title elementor-size-default\">NOS MARQUES<\/h1>\t\t\t\t<\/div>\n\t\t\t\t<\/div>\n\t\t\t\t<div class=\"elementor-element elementor-element-93ef73e elementor-widget elementor-widget-text-editor\" data-id=\"93ef73e\" data-element_type=\"widget\" data-widget_type=\"text-editor.default\">\n\t\t\t\t<div class=\"elementor-widget-container\">\n\t\t\t\t\t\t\t\t\t<p>Apr\u00e8s des ann\u00e9es d&rsquo;exp\u00e9rience dans les secteurs immobilier, architectural et de la construction, Cicerone a r\u00e9ussi \u00e0 se consolider en tant que leader du march\u00e9. Notre ambition d&rsquo;innover constamment nous a pouss\u00e9s \u00e0 d\u00e9velopper nos propres divisions sp\u00e9cialis\u00e9es en menuiserie bois technique et menuiserie m\u00e9tallique. Cela nous permet non seulement de r\u00e9pondre aux besoins de nos projets internes, mais aussi d&rsquo;offrir des solutions personnalis\u00e9es \u00e0 d&rsquo;autres professionnels, en maintenant toujours le plus haut niveau de pr\u00e9cision et de soin dans chaque d\u00e9tail.<\/p>\t\t\t\t\t\t\t\t<\/div>\n\t\t\t\t<\/div>\n\t\t\t\t\t<\/div>\n\t\t\t\t<\/div>\n\t\t\t\t<\/div>\n\t\t<div class=\"elementor-element elementor-element-a2c2adf e-con-full e-flex e-con e-parent\" data-id=\"a2c2adf\" data-element_type=\"container\">\n\t\t<div class=\"elementor-element elementor-element-e25d5eb e-con-full e-flex e-con e-child\" data-id=\"e25d5eb\" data-element_type=\"container\">\n\t\t\t\t<div class=\"elementor-element elementor-element-4cdeb4f elementor-widget elementor-widget-image\" data-id=\"4cdeb4f\" data-element_type=\"widget\" data-widget_type=\"image.default\">\n\t\t\t\t<div class=\"elementor-widget-container\">\n\t\t\t\t\t\t\t\t\t\t\t\t\t\t\t\t<a href=\"https:\/\/nomi.pro\/\">\n\t\t\t\t\t\t\t<img decoding=\"async\" width=\"800\" height=\"521\" src=\"https:\/\/www.reformasvalencia.es\/wp-content\/uploads\/2025\/01\/Nuevo-logo-Nomi-01-copia-1-1024x667.png\" class=\"attachment-large size-large wp-image-4792\" alt=\"\" srcset=\"https:\/\/www.reformasvalencia.es\/wp-content\/uploads\/2025\/01\/Nuevo-logo-Nomi-01-copia-1-1024x667.png 1024w, https:\/\/www.reformasvalencia.es\/wp-content\/uploads\/2025\/01\/Nuevo-logo-Nomi-01-copia-1-300x196.png 300w, https:\/\/www.reformasvalencia.es\/wp-content\/uploads\/2025\/01\/Nuevo-logo-Nomi-01-copia-1-768x501.png 768w, https:\/\/www.reformasvalencia.es\/wp-content\/uploads\/2025\/01\/Nuevo-logo-Nomi-01-copia-1-1536x1001.png 1536w, https:\/\/www.reformasvalencia.es\/wp-content\/uploads\/2025\/01\/Nuevo-logo-Nomi-01-copia-1-2048x1335.png 2048w\" sizes=\"(max-width: 800px) 100vw, 800px\" \/>\t\t\t\t\t\t\t\t<\/a>\n\t\t\t\t\t\t\t\t\t\t\t\t\t\t\t<\/div>\n\t\t\t\t<\/div>\n\t\t\t\t<div class=\"elementor-element elementor-element-3686300 elementor-widget__width-inherit elementor-widget elementor-widget-image\" data-id=\"3686300\" data-element_type=\"widget\" data-widget_type=\"image.default\">\n\t\t\t\t<div class=\"elementor-widget-container\">\n\t\t\t\t\t\t\t\t\t\t\t\t\t\t\t\t<a href=\"https:\/\/nomi.pro\/\" target=\"_blank\">\n\t\t\t\t\t\t\t<img decoding=\"async\" src=\"https:\/\/www.reformasvalencia.es\/wp-content\/uploads\/elementor\/thumbs\/265A1271-HDR-1-scaled-r148z6tdmq9imaqjfecgbxrsf2vmer8vgu9pu19ta0.jpg\" title=\"265A1271-HDR-1\" alt=\"265A1271-HDR-1\" loading=\"lazy\" \/>\t\t\t\t\t\t\t\t<\/a>\n\t\t\t\t\t\t\t\t\t\t\t\t\t\t\t<\/div>\n\t\t\t\t<\/div>\n\t\t\t\t<div class=\"elementor-element elementor-element-d6872b2 elementor-widget elementor-widget-text-editor\" data-id=\"d6872b2\" data-element_type=\"widget\" data-widget_type=\"text-editor.default\">\n\t\t\t\t<div class=\"elementor-widget-container\">\n\t\t\t\t\t\t\t\t\t<p>Menuiserie technique<\/p>\t\t\t\t\t\t\t\t<\/div>\n\t\t\t\t<\/div>\n\t\t\t\t<div class=\"elementor-element elementor-element-706168d elementor-widget elementor-widget-text-editor\" data-id=\"706168d\" data-element_type=\"widget\" data-widget_type=\"text-editor.default\">\n\t\t\t\t<div class=\"elementor-widget-container\">\n\t\t\t\t\t\t\t\t\t<p>La menuiserie est un \u00e9l\u00e9ment essentiel de tout projet de r\u00e9novation ou de construction. Chez Nomi, nous r\u00e9alisons des solutions en bois sur mesure, adapt\u00e9es \u00e0 chaque espace, en tenant toujours compte des besoins sp\u00e9cifiques de nos clients et de leurs pr\u00e9f\u00e9rences esth\u00e9tiques.<\/p><p>Nous fabriquons et installons des meubles et des structures avec des mat\u00e9riaux de premi\u00e8re qualit\u00e9, en alliant savoir-faire artisanal et techniques actuelles. Chaque d\u00e9tail est soign\u00e9 pour garantir un r\u00e9sultat durable et bien r\u00e9alis\u00e9.<\/p>\t\t\t\t\t\t\t\t<\/div>\n\t\t\t\t<\/div>\n\t\t\t\t<\/div>\n\t\t<div class=\"elementor-element elementor-element-113b5a9 e-con-full e-flex e-con e-child\" data-id=\"113b5a9\" data-element_type=\"container\">\n\t\t\t\t<div class=\"elementor-element elementor-element-1a6ea5f elementor-widget elementor-widget-image\" data-id=\"1a6ea5f\" data-element_type=\"widget\" data-widget_type=\"image.default\">\n\t\t\t\t<div class=\"elementor-widget-container\">\n\t\t\t\t\t\t\t\t\t\t\t\t\t\t\t\t<a href=\"https:\/\/minimal.solutions\/\">\n\t\t\t\t\t\t\t<img loading=\"lazy\" decoding=\"async\" width=\"800\" height=\"152\" src=\"https:\/\/www.reformasvalencia.es\/wp-content\/uploads\/2025\/07\/Logo-minimal_Mesa-de-trabajo-1_Mesa-de-trabajo-1-e1747654047189-1024x194-1.png\" class=\"attachment-large size-large wp-image-6986\" alt=\"\" srcset=\"https:\/\/www.reformasvalencia.es\/wp-content\/uploads\/2025\/07\/Logo-minimal_Mesa-de-trabajo-1_Mesa-de-trabajo-1-e1747654047189-1024x194-1.png 1024w, https:\/\/www.reformasvalencia.es\/wp-content\/uploads\/2025\/07\/Logo-minimal_Mesa-de-trabajo-1_Mesa-de-trabajo-1-e1747654047189-1024x194-1-300x57.png 300w, https:\/\/www.reformasvalencia.es\/wp-content\/uploads\/2025\/07\/Logo-minimal_Mesa-de-trabajo-1_Mesa-de-trabajo-1-e1747654047189-1024x194-1-768x146.png 768w\" sizes=\"(max-width: 800px) 100vw, 800px\" \/>\t\t\t\t\t\t\t\t<\/a>\n\t\t\t\t\t\t\t\t\t\t\t\t\t\t\t<\/div>\n\t\t\t\t<\/div>\n\t\t\t\t<div class=\"elementor-element elementor-element-afacd27 elementor-widget__width-inherit elementor-widget elementor-widget-image\" data-id=\"afacd27\" data-element_type=\"widget\" data-widget_type=\"image.default\">\n\t\t\t\t<div class=\"elementor-widget-container\">\n\t\t\t\t\t\t\t\t\t\t\t\t\t\t\t\t<a href=\"https:\/\/minimal.solutions\/\" target=\"_blank\">\n\t\t\t\t\t\t\t<img decoding=\"async\" src=\"https:\/\/www.reformasvalencia.es\/wp-content\/uploads\/elementor\/thumbs\/16-r0tbib8csxm58s0fd1vu0w8nghr7iqnyb7gt61odx4.jpg\" title=\"16\" alt=\"16\" loading=\"lazy\" \/>\t\t\t\t\t\t\t\t<\/a>\n\t\t\t\t\t\t\t\t\t\t\t\t\t\t\t<\/div>\n\t\t\t\t<\/div>\n\t\t\t\t<div class=\"elementor-element elementor-element-82b999c elementor-widget elementor-widget-text-editor\" data-id=\"82b999c\" data-element_type=\"widget\" data-widget_type=\"text-editor.default\">\n\t\t\t\t<div class=\"elementor-widget-container\">\n\t\t\t\t\t\t\t\t\t<p>Aluminium et acier pour l&rsquo;architecture<\/p>\t\t\t\t\t\t\t\t<\/div>\n\t\t\t\t<\/div>\n\t\t\t\t<div class=\"elementor-element elementor-element-db79dfb elementor-widget elementor-widget-text-editor\" data-id=\"db79dfb\" data-element_type=\"widget\" data-widget_type=\"text-editor.default\">\n\t\t\t\t<div class=\"elementor-widget-container\">\n\t\t\t\t\t\t\t\t\t<p>Chez Minimal, nous comprenons que les menuiseries m\u00e9talliques ext\u00e9rieures sont des \u00e9l\u00e9ments cl\u00e9s dans tout projet d&rsquo;architecture ou de construction.<\/p><p>Les tendances actuelles demandent des syst\u00e8mes avec des profils plus fins, mettant l&rsquo;accent sur l&rsquo;esth\u00e9tique minimaliste sans compromettre les performances. Le verre joue un r\u00f4le essentiel pour maintenir les performances globales, tandis que les composants m\u00e9talliques, qu&rsquo;ils soient en aluminium ou en acier, doivent garantir un fonctionnement optimal et durable.<\/p>\t\t\t\t\t\t\t\t<\/div>\n\t\t\t\t<\/div>\n\t\t\t\t<\/div>\n\t\t\t\t<\/div>\n\t\t\t\t<\/div>\n\t\t","protected":false},"excerpt":{"rendered":"<p>NOS MARQUES Apr\u00e8s des ann\u00e9es d&rsquo;exp\u00e9rience dans les secteurs immobilier, architectural et de la construction, Cicerone a r\u00e9ussi \u00e0 se consolider en tant que leader du march\u00e9. Notre ambition d&rsquo;innover constamment nous a pouss\u00e9s \u00e0 d\u00e9velopper nos propres divisions sp\u00e9cialis\u00e9es en menuiserie bois technique et menuiserie m\u00e9tallique. Cela nous permet non seulement de r\u00e9pondre aux [&hellip;]<\/p>\n","protected":false},"author":4,"featured_media":0,"parent":0,"menu_order":3,"comment_status":"closed","ping_status":"closed","template":"","meta":{"footnotes":""},"class_list":["post-5926","page","type-page","status-publish","hentry"],"yoast_head":"<!-- This site is optimized with the Yoast SEO plugin v26.3 - https:\/\/yoast.com\/wordpress\/plugins\/seo\/ -->\n<title>Cicerone | Nos marques<\/title>\n<meta name=\"description\" content=\"Notre ambition d\u2019innover nous a pouss\u00e9s \u00e0 d\u00e9velopper nos propres divisions sp\u00e9cialis\u00e9es en menuiserie bois technique et menuiserie m\u00e9tallique\" \/>\n<meta name=\"robots\" content=\"index, follow, max-snippet:-1, max-image-preview:large, max-video-preview:-1\" \/>\n<link rel=\"canonical\" href=\"https:\/\/www.reformasvalencia.es\/fr\/marcas\/\" \/>\n<meta property=\"og:locale\" content=\"fr_FR\" \/>\n<meta property=\"og:type\" content=\"article\" \/>\n<meta property=\"og:title\" content=\"Cicerone | Nos marques\" \/>\n<meta property=\"og:description\" content=\"Notre ambition d\u2019innover nous a pouss\u00e9s \u00e0 d\u00e9velopper nos propres divisions sp\u00e9cialis\u00e9es en menuiserie bois technique et menuiserie m\u00e9tallique\" \/>\n<meta property=\"og:url\" content=\"https:\/\/www.reformasvalencia.es\/fr\/marcas\/\" \/>\n<meta property=\"og:site_name\" content=\"Cicerone\" \/>\n<meta property=\"article:modified_time\" content=\"2025-07-23T11:44:21+00:00\" \/>\n<meta property=\"og:image\" content=\"https:\/\/www.reformasvalencia.es\/wp-content\/uploads\/2025\/01\/cicerone-marcas-postseo.jpg\" \/>\n\t<meta property=\"og:image:width\" content=\"1200\" \/>\n\t<meta property=\"og:image:height\" content=\"630\" \/>\n\t<meta property=\"og:image:type\" content=\"image\/jpeg\" \/>\n<meta name=\"twitter:card\" content=\"summary_large_image\" \/>\n<meta name=\"twitter:title\" content=\"Cicerone | Nos marques\" \/>\n<meta name=\"twitter:description\" content=\"Notre ambition d\u2019innover nous a pouss\u00e9s \u00e0 d\u00e9velopper nos propres divisions sp\u00e9cialis\u00e9es en menuiserie bois technique et menuiserie m\u00e9tallique\" \/>\n<meta name=\"twitter:image\" content=\"https:\/\/www.reformasvalencia.es\/wp-content\/uploads\/2025\/01\/cicerone-marcas-postseo.jpg\" \/>\n<meta name=\"twitter:label1\" content=\"Dur\u00e9e de lecture estim\u00e9e\" \/>\n\t<meta name=\"twitter:data1\" content=\"3 minutes\" \/>\n<script type=\"application\/ld+json\" class=\"yoast-schema-graph\">{\"@context\":\"https:\/\/schema.org\",\"@graph\":[{\"@type\":\"WebPage\",\"@id\":\"https:\/\/www.reformasvalencia.es\/fr\/marcas\/\",\"url\":\"https:\/\/www.reformasvalencia.es\/fr\/marcas\/\",\"name\":\"Cicerone | Nos marques\",\"isPartOf\":{\"@id\":\"https:\/\/www.reformasvalencia.es\/fr\/#website\"},\"primaryImageOfPage\":{\"@id\":\"https:\/\/www.reformasvalencia.es\/fr\/marcas\/#primaryimage\"},\"image\":{\"@id\":\"https:\/\/www.reformasvalencia.es\/fr\/marcas\/#primaryimage\"},\"thumbnailUrl\":\"https:\/\/www.reformasvalencia.es\/wp-content\/uploads\/2024\/11\/cicerone-reformas-valencia-construccion-marcas-00-resp.jpg\",\"datePublished\":\"2025-05-19T10:51:42+00:00\",\"dateModified\":\"2025-07-23T11:44:21+00:00\",\"description\":\"Notre ambition d\u2019innover nous a pouss\u00e9s \u00e0 d\u00e9velopper nos propres divisions sp\u00e9cialis\u00e9es en menuiserie bois technique et menuiserie m\u00e9tallique\",\"breadcrumb\":{\"@id\":\"https:\/\/www.reformasvalencia.es\/fr\/marcas\/#breadcrumb\"},\"inLanguage\":\"fr-FR\",\"potentialAction\":[{\"@type\":\"ReadAction\",\"target\":[\"https:\/\/www.reformasvalencia.es\/fr\/marcas\/\"]}]},{\"@type\":\"ImageObject\",\"inLanguage\":\"fr-FR\",\"@id\":\"https:\/\/www.reformasvalencia.es\/fr\/marcas\/#primaryimage\",\"url\":\"https:\/\/www.reformasvalencia.es\/wp-content\/uploads\/2024\/11\/cicerone-reformas-valencia-construccion-marcas-00-resp.jpg\",\"contentUrl\":\"https:\/\/www.reformasvalencia.es\/wp-content\/uploads\/2024\/11\/cicerone-reformas-valencia-construccion-marcas-00-resp.jpg\"},{\"@type\":\"BreadcrumbList\",\"@id\":\"https:\/\/www.reformasvalencia.es\/fr\/marcas\/#breadcrumb\",\"itemListElement\":[{\"@type\":\"ListItem\",\"position\":1,\"name\":\"Portada\",\"item\":\"https:\/\/www.reformasvalencia.es\/fr\/\"},{\"@type\":\"ListItem\",\"position\":2,\"name\":\"Marcas\"}]},{\"@type\":\"WebSite\",\"@id\":\"https:\/\/www.reformasvalencia.es\/fr\/#website\",\"url\":\"https:\/\/www.reformasvalencia.es\/fr\/\",\"name\":\"Cicerone\",\"description\":\"\",\"publisher\":{\"@id\":\"https:\/\/www.reformasvalencia.es\/fr\/#organization\"},\"potentialAction\":[{\"@type\":\"SearchAction\",\"target\":{\"@type\":\"EntryPoint\",\"urlTemplate\":\"https:\/\/www.reformasvalencia.es\/fr\/?s={search_term_string}\"},\"query-input\":{\"@type\":\"PropertyValueSpecification\",\"valueRequired\":true,\"valueName\":\"search_term_string\"}}],\"inLanguage\":\"fr-FR\"},{\"@type\":\"Organization\",\"@id\":\"https:\/\/www.reformasvalencia.es\/fr\/#organization\",\"name\":\"Cicerone\",\"url\":\"https:\/\/www.reformasvalencia.es\/fr\/\",\"logo\":{\"@type\":\"ImageObject\",\"inLanguage\":\"fr-FR\",\"@id\":\"https:\/\/www.reformasvalencia.es\/fr\/#\/schema\/logo\/image\/\",\"url\":\"https:\/\/www.reformasvalencia.es\/wp-content\/uploads\/2025\/01\/cicerone-1.jpg\",\"contentUrl\":\"https:\/\/www.reformasvalencia.es\/wp-content\/uploads\/2025\/01\/cicerone-1.jpg\",\"width\":1200,\"height\":1200,\"caption\":\"Cicerone\"},\"image\":{\"@id\":\"https:\/\/www.reformasvalencia.es\/fr\/#\/schema\/logo\/image\/\"},\"sameAs\":[\"https:\/\/www.instagram.com\/reformas_ciceronegroup\/\"]}]}<\/script>\n<!-- \/ Yoast SEO plugin. -->","yoast_head_json":{"title":"Cicerone | Nos marques","description":"Notre ambition d\u2019innover nous a pouss\u00e9s \u00e0 d\u00e9velopper nos propres divisions sp\u00e9cialis\u00e9es en menuiserie bois technique et menuiserie m\u00e9tallique","robots":{"index":"index","follow":"follow","max-snippet":"max-snippet:-1","max-image-preview":"max-image-preview:large","max-video-preview":"max-video-preview:-1"},"canonical":"https:\/\/www.reformasvalencia.es\/fr\/marcas\/","og_locale":"fr_FR","og_type":"article","og_title":"Cicerone | Nos marques","og_description":"Notre ambition d\u2019innover nous a pouss\u00e9s \u00e0 d\u00e9velopper nos propres divisions sp\u00e9cialis\u00e9es en menuiserie bois technique et menuiserie m\u00e9tallique","og_url":"https:\/\/www.reformasvalencia.es\/fr\/marcas\/","og_site_name":"Cicerone","article_modified_time":"2025-07-23T11:44:21+00:00","og_image":[{"width":1200,"height":630,"url":"https:\/\/www.reformasvalencia.es\/wp-content\/uploads\/2025\/01\/cicerone-marcas-postseo.jpg","type":"image\/jpeg"}],"twitter_card":"summary_large_image","twitter_title":"Cicerone | Nos marques","twitter_description":"Notre ambition d\u2019innover nous a pouss\u00e9s \u00e0 d\u00e9velopper nos propres divisions sp\u00e9cialis\u00e9es en menuiserie bois technique et menuiserie m\u00e9tallique","twitter_image":"https:\/\/www.reformasvalencia.es\/wp-content\/uploads\/2025\/01\/cicerone-marcas-postseo.jpg","twitter_misc":{"Dur\u00e9e de lecture estim\u00e9e":"3 minutes"},"schema":{"@context":"https:\/\/schema.org","@graph":[{"@type":"WebPage","@id":"https:\/\/www.reformasvalencia.es\/fr\/marcas\/","url":"https:\/\/www.reformasvalencia.es\/fr\/marcas\/","name":"Cicerone | Nos marques","isPartOf":{"@id":"https:\/\/www.reformasvalencia.es\/fr\/#website"},"primaryImageOfPage":{"@id":"https:\/\/www.reformasvalencia.es\/fr\/marcas\/#primaryimage"},"image":{"@id":"https:\/\/www.reformasvalencia.es\/fr\/marcas\/#primaryimage"},"thumbnailUrl":"https:\/\/www.reformasvalencia.es\/wp-content\/uploads\/2024\/11\/cicerone-reformas-valencia-construccion-marcas-00-resp.jpg","datePublished":"2025-05-19T10:51:42+00:00","dateModified":"2025-07-23T11:44:21+00:00","description":"Notre ambition d\u2019innover nous a pouss\u00e9s \u00e0 d\u00e9velopper nos propres divisions sp\u00e9cialis\u00e9es en menuiserie bois technique et menuiserie m\u00e9tallique","breadcrumb":{"@id":"https:\/\/www.reformasvalencia.es\/fr\/marcas\/#breadcrumb"},"inLanguage":"fr-FR","potentialAction":[{"@type":"ReadAction","target":["https:\/\/www.reformasvalencia.es\/fr\/marcas\/"]}]},{"@type":"ImageObject","inLanguage":"fr-FR","@id":"https:\/\/www.reformasvalencia.es\/fr\/marcas\/#primaryimage","url":"https:\/\/www.reformasvalencia.es\/wp-content\/uploads\/2024\/11\/cicerone-reformas-valencia-construccion-marcas-00-resp.jpg","contentUrl":"https:\/\/www.reformasvalencia.es\/wp-content\/uploads\/2024\/11\/cicerone-reformas-valencia-construccion-marcas-00-resp.jpg"},{"@type":"BreadcrumbList","@id":"https:\/\/www.reformasvalencia.es\/fr\/marcas\/#breadcrumb","itemListElement":[{"@type":"ListItem","position":1,"name":"Portada","item":"https:\/\/www.reformasvalencia.es\/fr\/"},{"@type":"ListItem","position":2,"name":"Marcas"}]},{"@type":"WebSite","@id":"https:\/\/www.reformasvalencia.es\/fr\/#website","url":"https:\/\/www.reformasvalencia.es\/fr\/","name":"Cicerone","description":"","publisher":{"@id":"https:\/\/www.reformasvalencia.es\/fr\/#organization"},"potentialAction":[{"@type":"SearchAction","target":{"@type":"EntryPoint","urlTemplate":"https:\/\/www.reformasvalencia.es\/fr\/?s={search_term_string}"},"query-input":{"@type":"PropertyValueSpecification","valueRequired":true,"valueName":"search_term_string"}}],"inLanguage":"fr-FR"},{"@type":"Organization","@id":"https:\/\/www.reformasvalencia.es\/fr\/#organization","name":"Cicerone","url":"https:\/\/www.reformasvalencia.es\/fr\/","logo":{"@type":"ImageObject","inLanguage":"fr-FR","@id":"https:\/\/www.reformasvalencia.es\/fr\/#\/schema\/logo\/image\/","url":"https:\/\/www.reformasvalencia.es\/wp-content\/uploads\/2025\/01\/cicerone-1.jpg","contentUrl":"https:\/\/www.reformasvalencia.es\/wp-content\/uploads\/2025\/01\/cicerone-1.jpg","width":1200,"height":1200,"caption":"Cicerone"},"image":{"@id":"https:\/\/www.reformasvalencia.es\/fr\/#\/schema\/logo\/image\/"},"sameAs":["https:\/\/www.instagram.com\/reformas_ciceronegroup\/"]}]}},"_links":{"self":[{"href":"https:\/\/www.reformasvalencia.es\/fr\/wp-json\/wp\/v2\/pages\/5926","targetHints":{"allow":["GET"]}}],"collection":[{"href":"https:\/\/www.reformasvalencia.es\/fr\/wp-json\/wp\/v2\/pages"}],"about":[{"href":"https:\/\/www.reformasvalencia.es\/fr\/wp-json\/wp\/v2\/types\/page"}],"author":[{"embeddable":true,"href":"https:\/\/www.reformasvalencia.es\/fr\/wp-json\/wp\/v2\/users\/4"}],"replies":[{"embeddable":true,"href":"https:\/\/www.reformasvalencia.es\/fr\/wp-json\/wp\/v2\/comments?post=5926"}],"version-history":[{"count":29,"href":"https:\/\/www.reformasvalencia.es\/fr\/wp-json\/wp\/v2\/pages\/5926\/revisions"}],"predecessor-version":[{"id":6999,"href":"https:\/\/www.reformasvalencia.es\/fr\/wp-json\/wp\/v2\/pages\/5926\/revisions\/6999"}],"wp:attachment":[{"href":"https:\/\/www.reformasvalencia.es\/fr\/wp-json\/wp\/v2\/media?parent=5926"}],"curies":[{"name":"wp","href":"https:\/\/api.w.org\/{rel}","templated":true}]}}