{"id":5797,"date":"2025-05-06T12:27:47","date_gmt":"2025-05-06T10:27:47","guid":{"rendered":"https:\/\/www.reformasvalencia.es\/?page_id=5797"},"modified":"2025-05-06T12:27:49","modified_gmt":"2025-05-06T10:27:49","slug":"contact-2","status":"publish","type":"page","link":"https:\/\/www.reformasvalencia.es\/fr\/contact-2\/","title":{"rendered":"Contact"},"content":{"rendered":"\t\t<div data-elementor-type=\"wp-page\" data-elementor-id=\"5797\" class=\"elementor elementor-5797\" data-elementor-post-type=\"page\">\n\t\t\t\t<div class=\"elementor-element elementor-element-8e78363 e-con-full e-flex e-con e-parent\" data-id=\"8e78363\" data-element_type=\"container\">\n\t\t\t\t<div class=\"elementor-element elementor-element-26fe1cc elementor-widget elementor-widget-jet-map\" data-id=\"26fe1cc\" data-element_type=\"widget\" data-widget_type=\"jet-map.default\">\n\t\t\t\t<div class=\"elementor-widget-container\">\n\t\t\t\t\t<div class=\"jet-map\" data-init=\"{&quot;center&quot;:{&quot;lat&quot;:39.463049914013105,&quot;lng&quot;:-0.3720306189904238},&quot;zoom&quot;:16,&quot;scrollwheel&quot;:false,&quot;zoomControl&quot;:true,&quot;fullscreenControl&quot;:true,&quot;streetViewControl&quot;:true,&quot;mapTypeControl&quot;:true,&quot;pinsAutoClose&quot;:true,&quot;styles&quot;:[{&quot;featureType&quot;:&quot;poi&quot;,&quot;stylers&quot;:[{&quot;visibility&quot;:&quot;off&quot;}]},{&quot;featureType&quot;:&quot;poi.business&quot;,&quot;stylers&quot;:[{&quot;visibility&quot;:&quot;off&quot;}]}]}\" data-pins=\"[{&quot;address&quot;:&quot;&quot;,&quot;position&quot;:{&quot;lat&quot;:39.463089994292005,&quot;lng&quot;:-0.37207794024065644},&quot;desc&quot;:&quot;&quot;,&quot;state&quot;:&quot;visible&quot;}]\"><\/div>\t\t\t\t<\/div>\n\t\t\t\t<\/div>\n\t\t\t\t<\/div>\n\t\t<div class=\"elementor-element elementor-element-cb4c223 e-flex e-con-boxed e-con e-parent\" data-id=\"cb4c223\" data-element_type=\"container\">\n\t\t\t\t\t<div class=\"e-con-inner\">\n\t\t<div class=\"elementor-element elementor-element-8a2b4f9 e-con-full e-flex e-con e-child\" data-id=\"8a2b4f9\" data-element_type=\"container\">\n\t\t\t\t<div class=\"elementor-element elementor-element-756af4b elementor-widget elementor-widget-heading\" data-id=\"756af4b\" data-element_type=\"widget\" data-widget_type=\"heading.default\">\n\t\t\t\t<div class=\"elementor-widget-container\">\n\t\t\t\t\t<h1 class=\"elementor-heading-title elementor-size-default\">Contactez-nous<\/h1>\t\t\t\t<\/div>\n\t\t\t\t<\/div>\n\t\t\t\t<div class=\"elementor-element elementor-element-4cebe3a elementor-view-default elementor-position-top elementor-mobile-position-top elementor-widget elementor-widget-icon-box\" data-id=\"4cebe3a\" data-element_type=\"widget\" data-widget_type=\"icon-box.default\">\n\t\t\t\t<div class=\"elementor-widget-container\">\n\t\t\t\t\t\t\t<div class=\"elementor-icon-box-wrapper\">\n\n\t\t\t\t\t\t<div class=\"elementor-icon-box-icon\">\n\t\t\t\t<a href=\"tel:+34961138432\" class=\"elementor-icon\" tabindex=\"-1\" aria-label=\"Contact\">\n\t\t\t\t<svg xmlns=\"http:\/\/www.w3.org\/2000\/svg\" width=\"32.184\" height=\"28.145\" viewBox=\"0 0 32.184 28.145\"><path id=\"message\" d=\"M28.717.5H3.468A3.472,3.472,0,0,0,0,3.968V25.177a3.472,3.472,0,0,0,3.468,3.468H28.717a3.472,3.472,0,0,0,3.468-3.468V3.968A3.472,3.472,0,0,0,28.717.5Zm0,1.886a1.564,1.564,0,0,1,.231.017L17.211,14.14a1.584,1.584,0,0,1-2.237,0L3.236,2.4a1.565,1.565,0,0,1,.232-.017ZM30.3,25.177a1.584,1.584,0,0,1-1.582,1.582H3.468a1.584,1.584,0,0,1-1.582-1.582V3.968A1.6,1.6,0,0,1,1.9,3.736L13.64,15.474a3.471,3.471,0,0,0,4.9,0L30.282,3.736a1.6,1.6,0,0,1,.017.232Zm0,0\" transform=\"translate(0 -0.5)\" fill=\"#afa372\"><\/path><\/svg>\t\t\t\t<\/a>\n\t\t\t<\/div>\n\t\t\t\n\t\t\t\t\t\t<div class=\"elementor-icon-box-content\">\n\n\t\t\t\t\t\t\t\t\t<h3 class=\"elementor-icon-box-title\">\n\t\t\t\t\t\t<a href=\"tel:+34961138432\" >\n\t\t\t\t\t\t\tContact\t\t\t\t\t\t<\/a>\n\t\t\t\t\t<\/h3>\n\t\t\t\t\n\t\t\t\t\t\t\t\t\t<p class=\"elementor-icon-box-description\">\n\t\t\t\t\t\t<a href=\"tel:+34961138432\">+34 961 138 432<\/a><br><a href=\"mailto:info@ciceronegroup.com\">info@ciceronegroup.com<\/a>\t\t\t\t\t<\/p>\n\t\t\t\t\n\t\t\t<\/div>\n\t\t\t\n\t\t<\/div>\n\t\t\t\t\t\t<\/div>\n\t\t\t\t<\/div>\n\t\t\t\t<div class=\"elementor-element elementor-element-65b739f elementor-view-default elementor-position-top elementor-mobile-position-top elementor-widget elementor-widget-icon-box\" data-id=\"65b739f\" data-element_type=\"widget\" id=\"direccion\" data-widget_type=\"icon-box.default\">\n\t\t\t\t<div class=\"elementor-widget-container\">\n\t\t\t\t\t\t\t<div class=\"elementor-icon-box-wrapper\">\n\n\t\t\t\t\t\t<div class=\"elementor-icon-box-icon\">\n\t\t\t\t<span  class=\"elementor-icon\">\n\t\t\t\t<svg xmlns=\"http:\/\/www.w3.org\/2000\/svg\" id=\"placeholder\" width=\"26.885\" height=\"38.393\" viewBox=\"0 0 26.885 38.393\"><g id=\"Grupo_88\" transform=\"translate(0 0)\"><g id=\"Grupo_87\"><path id=\"Trazado_136\" d=\"M101.81,8.686A13.444,13.444,0,0,0,83.489,27.3L94.312,44.741a.925.925,0,0,0,.795.44h.008a.957.957,0,0,0,.795-.455l10.553-17.611A13.429,13.429,0,0,0,101.81,8.686Zm3.055,17.464L95.1,42.457,85.086,26.312A11.572,11.572,0,0,1,94.929,8.655V8.647a11.572,11.572,0,0,1,9.935,17.5Z\" transform=\"translate(-81.482 -6.787)\" fill=\"#afa372\"><\/path><\/g><\/g><g id=\"Grupo_90\" transform=\"translate(6.818 6.818)\"><g id=\"Grupo_89\"><path id=\"Trazado_137\" d=\"M168.026,86.7a6.622,6.622,0,0,0-.008,13.245h.008a6.607,6.607,0,0,0,6.618-6.6v-.023A6.629,6.629,0,0,0,168.026,86.7Zm.031,11.424a4.779,4.779,0,1,1,4.759-4.8A4.785,4.785,0,0,1,168.057,98.124Z\" transform=\"translate(-161.4 -86.7)\" fill=\"#afa372\"><\/path><\/g><\/g><\/svg>\t\t\t\t<\/span>\n\t\t\t<\/div>\n\t\t\t\n\t\t\t\t\t\t<div class=\"elementor-icon-box-content\">\n\n\t\t\t\t\t\t\t\t\t<h3 class=\"elementor-icon-box-title\">\n\t\t\t\t\t\t<span  >\n\t\t\t\t\t\t\tAdresse\t\t\t\t\t\t<\/span>\n\t\t\t\t\t<\/h3>\n\t\t\t\t\n\t\t\t\t\t\t\t\t\t<p class=\"elementor-icon-box-description\">\n\t\t\t\t\t\tCalle Pare Perera, 2 - bajo<br>46006 - Ruzafa, Valencia\t\t\t\t\t<\/p>\n\t\t\t\t\n\t\t\t<\/div>\n\t\t\t\n\t\t<\/div>\n\t\t\t\t\t\t<\/div>\n\t\t\t\t<\/div>\n\t\t\t\t<div class=\"elementor-element elementor-element-2c6cf98 elementor-view-default elementor-position-top elementor-mobile-position-top elementor-widget elementor-widget-icon-box\" data-id=\"2c6cf98\" data-element_type=\"widget\" data-widget_type=\"icon-box.default\">\n\t\t\t\t<div class=\"elementor-widget-container\">\n\t\t\t\t\t\t\t<div class=\"elementor-icon-box-wrapper\">\n\n\t\t\t\t\t\t<div class=\"elementor-icon-box-icon\">\n\t\t\t\t<span  class=\"elementor-icon\">\n\t\t\t\t<svg xmlns=\"http:\/\/www.w3.org\/2000\/svg\" id=\"Grupo_183\" width=\"37.052\" height=\"37.089\" viewBox=\"0 0 37.052 37.089\"><g id=\"Grupo_95\" transform=\"translate(0 0)\"><g id=\"Grupo_94\" transform=\"translate(0 0)\"><path id=\"Trazado_138\" d=\"M39.406,7.886h-4.47V4.768A.94.94,0,0,0,33.057,4.7V7.886H15.994V4.768a.94.94,0,0,0-1.879,0V7.886H9.646A3.647,3.647,0,0,0,6,11.532V37.238a3.647,3.647,0,0,0,3.646,3.646h29.76a3.647,3.647,0,0,0,3.646-3.646V11.532A3.647,3.647,0,0,0,39.406,7.886ZM7.879,11.532a1.765,1.765,0,0,1,1.76-1.767h4.477v3.119a.94.94,0,0,0,1.879,0h0V9.765H33.057v3.119a.94.94,0,1,0,1.879.067V9.765h4.47a1.759,1.759,0,0,1,1.76,1.76h0v5.821H7.879ZM41.166,37.238A1.759,1.759,0,0,1,39.406,39H9.646a1.759,1.759,0,0,1-1.76-1.76V19.232H41.181Z\" transform=\"translate(-6 -3.795)\" fill=\"#afa372\"><\/path><\/g><\/g><g id=\"Grupo_97\" transform=\"translate(9.502 18.463)\"><g id=\"Grupo_96\" transform=\"translate(0 0)\"><path id=\"Trazado_244\" d=\"M142.976,236.963l-10.819,10.819a.946.946,0,0,1-1.329,0l-5.406-5.406a.941.941,0,0,1,1.329-1.329l4.745,4.745,10.15-10.158a.94.94,0,0,1,1.329,1.329Z\" transform=\"translate(-125.176 -235.38)\" fill=\"#afa372\"><\/path><\/g><\/g><\/svg>\t\t\t\t<\/span>\n\t\t\t<\/div>\n\t\t\t\n\t\t\t\t\t\t<div class=\"elementor-icon-box-content\">\n\n\t\t\t\t\t\t\t\t\t<h3 class=\"elementor-icon-box-title\">\n\t\t\t\t\t\t<span  >\n\t\t\t\t\t\t\tHoraires\t\t\t\t\t\t<\/span>\n\t\t\t\t\t<\/h3>\n\t\t\t\t\n\t\t\t\t\t\t\t\t\t<p class=\"elementor-icon-box-description\">\n\t\t\t\t\t\tLun-ven: 09:00 - 14.00 \/ 16:00 - 19:00\t\t\t\t\t<\/p>\n\t\t\t\t\n\t\t\t<\/div>\n\t\t\t\n\t\t<\/div>\n\t\t\t\t\t\t<\/div>\n\t\t\t\t<\/div>\n\t\t\t\t<\/div>\n\t\t<div class=\"elementor-element elementor-element-d666db2 e-con-full e-flex e-con e-child\" data-id=\"d666db2\" data-element_type=\"container\">\n\t\t<div class=\"elementor-element elementor-element-a2c3cc0 e-con-full e-flex e-con e-child\" data-id=\"a2c3cc0\" data-element_type=\"container\" data-settings=\"{&quot;background_background&quot;:&quot;classic&quot;}\">\n\t\t\t\t<div class=\"elementor-element elementor-element-5e95fe3 elementor-button-align-start elementor-widget elementor-widget-form\" data-id=\"5e95fe3\" data-element_type=\"widget\" data-settings=\"{&quot;step_next_label&quot;:&quot;Suivant&quot;,&quot;step_previous_label&quot;:&quot;Pr\\u00e9c\\u00e9dent&quot;,&quot;button_width&quot;:&quot;100&quot;,&quot;step_type&quot;:&quot;number_text&quot;,&quot;step_icon_shape&quot;:&quot;circle&quot;}\" data-widget_type=\"form.default\">\n\t\t\t\t<div class=\"elementor-widget-container\">\n\t\t\t\t\t\t\t<form class=\"elementor-form\" method=\"post\" name=\"Formulaire de contact\" aria-label=\"Formulaire de contact\">\n\t\t\t<input type=\"hidden\" name=\"post_id\" value=\"5797\"\/>\n\t\t\t<input type=\"hidden\" name=\"form_id\" value=\"5e95fe3\"\/>\n\t\t\t<input type=\"hidden\" name=\"referer_title\" value=\"Cicerone | Contactez-Nous\" \/>\n\n\t\t\t\t\t\t\t<input type=\"hidden\" name=\"queried_id\" value=\"5797\"\/>\n\t\t\t\n\t\t\t<div class=\"elementor-form-fields-wrapper elementor-labels-above\">\n\t\t\t\t\t\t\t\t<div class=\"elementor-field-type-text elementor-field-group elementor-column elementor-field-group-nombre elementor-col-100\">\n\t\t\t\t\t\t\t\t\t\t\t\t<label for=\"form-field-nombre\" class=\"elementor-field-label\">\n\t\t\t\t\t\t\t\tNom*\t\t\t\t\t\t\t<\/label>\n\t\t\t\t\t\t\t\t\t\t\t\t\t\t<input size=\"1\" type=\"text\" name=\"form_fields[nombre]\" id=\"form-field-nombre\" class=\"elementor-field elementor-size-xs  elementor-field-textual\">\n\t\t\t\t\t\t\t\t\t\t\t<\/div>\n\t\t\t\t\t\t\t\t<div class=\"elementor-field-type-email elementor-field-group elementor-column elementor-field-group-email elementor-col-100 elementor-field-required\">\n\t\t\t\t\t\t\t\t\t\t\t\t<label for=\"form-field-email\" class=\"elementor-field-label\">\n\t\t\t\t\t\t\t\tEmail*\t\t\t\t\t\t\t<\/label>\n\t\t\t\t\t\t\t\t\t\t\t\t\t\t<input size=\"1\" type=\"email\" name=\"form_fields[email]\" id=\"form-field-email\" class=\"elementor-field elementor-size-xs  elementor-field-textual\" required=\"required\">\n\t\t\t\t\t\t\t\t\t\t\t<\/div>\n\t\t\t\t\t\t\t\t<div class=\"elementor-field-type-tel elementor-field-group elementor-column elementor-field-group-telefono elementor-col-100 elementor-field-required\">\n\t\t\t\t\t\t\t\t\t\t\t\t<label for=\"form-field-telefono\" class=\"elementor-field-label\">\n\t\t\t\t\t\t\t\tT\u00e9l\u00e9phone*\t\t\t\t\t\t\t<\/label>\n\t\t\t\t\t\t\t\t<input size=\"1\" type=\"tel\" name=\"form_fields[telefono]\" id=\"form-field-telefono\" class=\"elementor-field elementor-size-xs  elementor-field-textual\" required=\"required\" pattern=\"[0-9()#&amp;+*-=.]+\" title=\"Seuls les caract\u00e8res de num\u00e9ros de t\u00e9l\u00e9phone (#, -, *, etc.) sont accept\u00e9s.\">\n\n\t\t\t\t\t\t<\/div>\n\t\t\t\t\t\t\t\t<div class=\"elementor-field-type-textarea elementor-field-group elementor-column elementor-field-group-mensaje elementor-col-100\">\n\t\t\t\t\t\t\t\t\t\t\t\t<label for=\"form-field-mensaje\" class=\"elementor-field-label\">\n\t\t\t\t\t\t\t\tMessage\t\t\t\t\t\t\t<\/label>\n\t\t\t\t\t\t<textarea class=\"elementor-field-textual elementor-field  elementor-size-xs\" name=\"form_fields[mensaje]\" id=\"form-field-mensaje\" rows=\"2\"><\/textarea>\t\t\t\t<\/div>\n\t\t\t\t\t\t\t\t<div class=\"elementor-field-type-acceptance elementor-field-group elementor-column elementor-field-group-privacidad elementor-col-100 elementor-field-required\">\n\t\t\t\t\t\t\t<div class=\"elementor-field-subgroup\">\n\t\t\t<span class=\"elementor-field-option\">\n\t\t\t\t<input type=\"checkbox\" name=\"form_fields[privacidad]\" id=\"form-field-privacidad\" class=\"elementor-field elementor-size-xs  elementor-acceptance-field\" required=\"required\">\n\t\t\t\t<label for=\"form-field-privacidad\">J'ai lu et j'accepte les conditions d'utilisation et la <a href=\"https:\/\/www.reformasvalencia.es\/fr\/politique-de-confidentialite\/\" target=\"_blank\">politique de confidentialit\u00e9<\/a>.<\/label>\t\t\t<\/span>\n\t\t<\/div>\n\t\t\t\t\t\t<\/div>\n\t\t\t\t\t\t\t\t<div class=\"elementor-field-type-recaptcha_v3 elementor-field-group elementor-column elementor-field-group-field_a04e211 elementor-col-100 recaptcha_v3-bottomright\">\n\t\t\t\t\t<div class=\"elementor-field\" id=\"form-field-field_a04e211\"><div class=\"elementor-g-recaptcha\" data-sitekey=\"6Lfq39IqAAAAAEgrG7v6PiFdtKxc769eu9qfAX_P\" data-type=\"v3\" data-action=\"Form\" data-badge=\"bottomright\" data-size=\"invisible\"><\/div><\/div>\t\t\t\t<\/div>\n\t\t\t\t\t\t\t\t<div class=\"elementor-field-group elementor-column elementor-field-type-submit elementor-col-100 e-form__buttons\">\n\t\t\t\t\t<button class=\"elementor-button elementor-size-sm\" type=\"submit\">\n\t\t\t\t\t\t<span class=\"elementor-button-content-wrapper\">\n\t\t\t\t\t\t\t\t\t\t\t\t\t\t\t\t\t\t\t\t\t\t<span class=\"elementor-button-text\">Envoyer<\/span>\n\t\t\t\t\t\t\t\t\t\t\t\t\t<\/span>\n\t\t\t\t\t<\/button>\n\t\t\t\t<\/div>\n\t\t\t<\/div>\n\t\t<\/form>\n\t\t\t\t\t\t<\/div>\n\t\t\t\t<\/div>\n\t\t\t\t<\/div>\n\t\t\t\t<\/div>\n\t\t\t\t\t<\/div>\n\t\t\t\t<\/div>\n\t\t\t\t<\/div>\n\t\t","protected":false},"excerpt":{"rendered":"<p>Contactez-nous Contact +34 961 138 432info@ciceronegroup.com Adresse Calle Pare Perera, 2 &#8211; bajo46006 &#8211; Ruzafa, Valencia Horaires Lun-ven: 09:00 &#8211; 14.00 \/ 16:00 &#8211; 19:00<\/p>\n","protected":false},"author":4,"featured_media":0,"parent":0,"menu_order":4,"comment_status":"closed","ping_status":"closed","template":"","meta":{"footnotes":""},"class_list":["post-5797","page","type-page","status-publish","hentry"],"yoast_head":"<!-- This site is optimized with the Yoast SEO plugin v26.3 - https:\/\/yoast.com\/wordpress\/plugins\/seo\/ -->\n<title>Cicerone | Contactez-Nous<\/title>\n<meta name=\"description\" content=\"Si vous envisagez de r\u00e9aliser un projet de r\u00e9novation ou de construction, notre \u00e9quipe met \u00e0 votre disposition toute son exp\u00e9rience.\" \/>\n<meta name=\"robots\" content=\"index, follow, max-snippet:-1, max-image-preview:large, max-video-preview:-1\" \/>\n<link rel=\"canonical\" href=\"https:\/\/www.reformasvalencia.es\/fr\/contact-2\/\" \/>\n<meta property=\"og:locale\" content=\"fr_FR\" \/>\n<meta property=\"og:type\" content=\"article\" \/>\n<meta property=\"og:title\" content=\"Cicerone | Contactez-Nous\" \/>\n<meta property=\"og:description\" content=\"Si vous envisagez de r\u00e9aliser un projet de r\u00e9novation ou de construction, notre \u00e9quipe met \u00e0 votre disposition toute son exp\u00e9rience.\" \/>\n<meta property=\"og:url\" content=\"https:\/\/www.reformasvalencia.es\/fr\/contact-2\/\" \/>\n<meta property=\"og:site_name\" content=\"Cicerone\" \/>\n<meta property=\"article:modified_time\" content=\"2025-05-06T10:27:49+00:00\" \/>\n<meta property=\"og:image\" content=\"https:\/\/www.reformasvalencia.es\/wp-content\/uploads\/2025\/01\/cicerone-contacto-postseo.jpg\" \/>\n\t<meta property=\"og:image:width\" content=\"1200\" \/>\n\t<meta property=\"og:image:height\" content=\"630\" \/>\n\t<meta property=\"og:image:type\" content=\"image\/jpeg\" \/>\n<meta name=\"twitter:card\" content=\"summary_large_image\" \/>\n<meta name=\"twitter:title\" content=\"Cicerone | Contactez-Nous\" \/>\n<meta name=\"twitter:description\" content=\"Si vous envisagez de r\u00e9aliser un projet de r\u00e9novation ou de construction, notre \u00e9quipe met \u00e0 votre disposition toute son exp\u00e9rience.\" \/>\n<meta name=\"twitter:image\" content=\"https:\/\/www.reformasvalencia.es\/wp-content\/uploads\/2025\/01\/cicerone-contacto-postseo.jpg\" \/>\n<meta name=\"twitter:label1\" content=\"Dur\u00e9e de lecture estim\u00e9e\" \/>\n\t<meta name=\"twitter:data1\" content=\"16 minutes\" \/>\n<script type=\"application\/ld+json\" class=\"yoast-schema-graph\">{\"@context\":\"https:\/\/schema.org\",\"@graph\":[{\"@type\":\"WebPage\",\"@id\":\"https:\/\/www.reformasvalencia.es\/fr\/contact-2\/\",\"url\":\"https:\/\/www.reformasvalencia.es\/fr\/contact-2\/\",\"name\":\"Cicerone | Contactez-Nous\",\"isPartOf\":{\"@id\":\"https:\/\/www.reformasvalencia.es\/fr\/#website\"},\"datePublished\":\"2025-05-06T10:27:47+00:00\",\"dateModified\":\"2025-05-06T10:27:49+00:00\",\"description\":\"Si vous envisagez de r\u00e9aliser un projet de r\u00e9novation ou de construction, notre \u00e9quipe met \u00e0 votre disposition toute son exp\u00e9rience.\",\"breadcrumb\":{\"@id\":\"https:\/\/www.reformasvalencia.es\/fr\/contact-2\/#breadcrumb\"},\"inLanguage\":\"fr-FR\",\"potentialAction\":[{\"@type\":\"ReadAction\",\"target\":[\"https:\/\/www.reformasvalencia.es\/fr\/contact-2\/\"]}]},{\"@type\":\"BreadcrumbList\",\"@id\":\"https:\/\/www.reformasvalencia.es\/fr\/contact-2\/#breadcrumb\",\"itemListElement\":[{\"@type\":\"ListItem\",\"position\":1,\"name\":\"Portada\",\"item\":\"https:\/\/www.reformasvalencia.es\/fr\/\"},{\"@type\":\"ListItem\",\"position\":2,\"name\":\"Contact\"}]},{\"@type\":\"WebSite\",\"@id\":\"https:\/\/www.reformasvalencia.es\/fr\/#website\",\"url\":\"https:\/\/www.reformasvalencia.es\/fr\/\",\"name\":\"Cicerone\",\"description\":\"\",\"publisher\":{\"@id\":\"https:\/\/www.reformasvalencia.es\/fr\/#organization\"},\"potentialAction\":[{\"@type\":\"SearchAction\",\"target\":{\"@type\":\"EntryPoint\",\"urlTemplate\":\"https:\/\/www.reformasvalencia.es\/fr\/?s={search_term_string}\"},\"query-input\":{\"@type\":\"PropertyValueSpecification\",\"valueRequired\":true,\"valueName\":\"search_term_string\"}}],\"inLanguage\":\"fr-FR\"},{\"@type\":\"Organization\",\"@id\":\"https:\/\/www.reformasvalencia.es\/fr\/#organization\",\"name\":\"Cicerone\",\"url\":\"https:\/\/www.reformasvalencia.es\/fr\/\",\"logo\":{\"@type\":\"ImageObject\",\"inLanguage\":\"fr-FR\",\"@id\":\"https:\/\/www.reformasvalencia.es\/fr\/#\/schema\/logo\/image\/\",\"url\":\"https:\/\/www.reformasvalencia.es\/wp-content\/uploads\/2025\/01\/cicerone-1.jpg\",\"contentUrl\":\"https:\/\/www.reformasvalencia.es\/wp-content\/uploads\/2025\/01\/cicerone-1.jpg\",\"width\":1200,\"height\":1200,\"caption\":\"Cicerone\"},\"image\":{\"@id\":\"https:\/\/www.reformasvalencia.es\/fr\/#\/schema\/logo\/image\/\"},\"sameAs\":[\"https:\/\/www.instagram.com\/reformas_ciceronegroup\/\"]}]}<\/script>\n<!-- \/ Yoast SEO plugin. -->","yoast_head_json":{"title":"Cicerone | Contactez-Nous","description":"Si vous envisagez de r\u00e9aliser un projet de r\u00e9novation ou de construction, notre \u00e9quipe met \u00e0 votre disposition toute son exp\u00e9rience.","robots":{"index":"index","follow":"follow","max-snippet":"max-snippet:-1","max-image-preview":"max-image-preview:large","max-video-preview":"max-video-preview:-1"},"canonical":"https:\/\/www.reformasvalencia.es\/fr\/contact-2\/","og_locale":"fr_FR","og_type":"article","og_title":"Cicerone | Contactez-Nous","og_description":"Si vous envisagez de r\u00e9aliser un projet de r\u00e9novation ou de construction, notre \u00e9quipe met \u00e0 votre disposition toute son exp\u00e9rience.","og_url":"https:\/\/www.reformasvalencia.es\/fr\/contact-2\/","og_site_name":"Cicerone","article_modified_time":"2025-05-06T10:27:49+00:00","og_image":[{"width":1200,"height":630,"url":"https:\/\/www.reformasvalencia.es\/wp-content\/uploads\/2025\/01\/cicerone-contacto-postseo.jpg","type":"image\/jpeg"}],"twitter_card":"summary_large_image","twitter_title":"Cicerone | Contactez-Nous","twitter_description":"Si vous envisagez de r\u00e9aliser un projet de r\u00e9novation ou de construction, notre \u00e9quipe met \u00e0 votre disposition toute son exp\u00e9rience.","twitter_image":"https:\/\/www.reformasvalencia.es\/wp-content\/uploads\/2025\/01\/cicerone-contacto-postseo.jpg","twitter_misc":{"Dur\u00e9e de lecture estim\u00e9e":"16 minutes"},"schema":{"@context":"https:\/\/schema.org","@graph":[{"@type":"WebPage","@id":"https:\/\/www.reformasvalencia.es\/fr\/contact-2\/","url":"https:\/\/www.reformasvalencia.es\/fr\/contact-2\/","name":"Cicerone | Contactez-Nous","isPartOf":{"@id":"https:\/\/www.reformasvalencia.es\/fr\/#website"},"datePublished":"2025-05-06T10:27:47+00:00","dateModified":"2025-05-06T10:27:49+00:00","description":"Si vous envisagez de r\u00e9aliser un projet de r\u00e9novation ou de construction, notre \u00e9quipe met \u00e0 votre disposition toute son exp\u00e9rience.","breadcrumb":{"@id":"https:\/\/www.reformasvalencia.es\/fr\/contact-2\/#breadcrumb"},"inLanguage":"fr-FR","potentialAction":[{"@type":"ReadAction","target":["https:\/\/www.reformasvalencia.es\/fr\/contact-2\/"]}]},{"@type":"BreadcrumbList","@id":"https:\/\/www.reformasvalencia.es\/fr\/contact-2\/#breadcrumb","itemListElement":[{"@type":"ListItem","position":1,"name":"Portada","item":"https:\/\/www.reformasvalencia.es\/fr\/"},{"@type":"ListItem","position":2,"name":"Contact"}]},{"@type":"WebSite","@id":"https:\/\/www.reformasvalencia.es\/fr\/#website","url":"https:\/\/www.reformasvalencia.es\/fr\/","name":"Cicerone","description":"","publisher":{"@id":"https:\/\/www.reformasvalencia.es\/fr\/#organization"},"potentialAction":[{"@type":"SearchAction","target":{"@type":"EntryPoint","urlTemplate":"https:\/\/www.reformasvalencia.es\/fr\/?s={search_term_string}"},"query-input":{"@type":"PropertyValueSpecification","valueRequired":true,"valueName":"search_term_string"}}],"inLanguage":"fr-FR"},{"@type":"Organization","@id":"https:\/\/www.reformasvalencia.es\/fr\/#organization","name":"Cicerone","url":"https:\/\/www.reformasvalencia.es\/fr\/","logo":{"@type":"ImageObject","inLanguage":"fr-FR","@id":"https:\/\/www.reformasvalencia.es\/fr\/#\/schema\/logo\/image\/","url":"https:\/\/www.reformasvalencia.es\/wp-content\/uploads\/2025\/01\/cicerone-1.jpg","contentUrl":"https:\/\/www.reformasvalencia.es\/wp-content\/uploads\/2025\/01\/cicerone-1.jpg","width":1200,"height":1200,"caption":"Cicerone"},"image":{"@id":"https:\/\/www.reformasvalencia.es\/fr\/#\/schema\/logo\/image\/"},"sameAs":["https:\/\/www.instagram.com\/reformas_ciceronegroup\/"]}]}},"_links":{"self":[{"href":"https:\/\/www.reformasvalencia.es\/fr\/wp-json\/wp\/v2\/pages\/5797","targetHints":{"allow":["GET"]}}],"collection":[{"href":"https:\/\/www.reformasvalencia.es\/fr\/wp-json\/wp\/v2\/pages"}],"about":[{"href":"https:\/\/www.reformasvalencia.es\/fr\/wp-json\/wp\/v2\/types\/page"}],"author":[{"embeddable":true,"href":"https:\/\/www.reformasvalencia.es\/fr\/wp-json\/wp\/v2\/users\/4"}],"replies":[{"embeddable":true,"href":"https:\/\/www.reformasvalencia.es\/fr\/wp-json\/wp\/v2\/comments?post=5797"}],"version-history":[{"count":1,"href":"https:\/\/www.reformasvalencia.es\/fr\/wp-json\/wp\/v2\/pages\/5797\/revisions"}],"predecessor-version":[{"id":5799,"href":"https:\/\/www.reformasvalencia.es\/fr\/wp-json\/wp\/v2\/pages\/5797\/revisions\/5799"}],"wp:attachment":[{"href":"https:\/\/www.reformasvalencia.es\/fr\/wp-json\/wp\/v2\/media?parent=5797"}],"curies":[{"name":"wp","href":"https:\/\/api.w.org\/{rel}","templated":true}]}}